{"id":5887,"date":"2025-03-03T09:30:42","date_gmt":"2025-03-03T08:30:42","guid":{"rendered":"https:\/\/bavarian-camper.de\/?page_id=5887"},"modified":"2025-11-24T16:04:05","modified_gmt":"2025-11-24T15:04:05","slug":"werkstatt-agb","status":"publish","type":"page","link":"https:\/\/bavarian-camper.de\/en\/werkstatt-agb\/","title":{"rendered":"Werkstatt AGB\u00b4s"},"content":{"rendered":"<p><div class=\"fusion-fullwidth fullwidth-box fusion-builder-row-1 fusion-flex-container has-pattern-background has-mask-background fusion-parallax-none nonhundred-percent-fullwidth non-hundred-percent-height-scrolling lazyload fusion-animated\" style=\"--awb-border-radius-top-left:0px;--awb-border-radius-top-right:0px;--awb-border-radius-bottom-right:0px;--awb-border-radius-bottom-left:0px;--awb-padding-top:9vw;--awb-padding-bottom:9vw;--awb-padding-top-small:20vw;--awb-padding-bottom-small:17vw;--awb-background-color:var(--awb-color6);--awb-background-image:linear-gradient(180deg, hsla(var(--awb-color7-h),var(--awb-color7-s),var(--awb-color7-l),calc(var(--awb-color7-a) - 85%)) 0%,hsla(var(--awb-color7-h),var(--awb-color7-s),var(--awb-color7-l),calc(var(--awb-color7-a) - 55%)) 100%);;--awb-background-size:cover;--awb-flex-wrap:wrap;--awb-animation-color:var(--awb-color7);\" data-bg=\"https:\/\/bavarian-camper.de\/wp-content\/uploads\/2020\/05\/Seite.jpg\" data-bg-gradient=\"linear-gradient(180deg, hsla(var(--awb-color7-h),var(--awb-color7-s),var(--awb-color7-l),calc(var(--awb-color7-a) - 85%)) 0%,hsla(var(--awb-color7-h),var(--awb-color7-s),var(--awb-color7-l),calc(var(--awb-color7-a) - 55%)) 100%)\" data-animationType=\"revealInLeft\" data-animationDuration=\"1.3\" data-animationOffset=\"top-into-view\" ><div class=\"fusion-builder-row fusion-row fusion-flex-align-items-stretch fusion-flex-justify-content-center fusion-flex-content-wrap\" style=\"max-width:calc( 1200px + 0px );margin-left: calc(-0px \/ 2 );margin-right: calc(-0px \/ 2 );\"><div class=\"fusion-layout-column fusion_builder_column fusion-builder-column-0 fusion-flex-column fusion-animated\" style=\"--awb-bg-size:cover;--awb-width-large:77.24%;--awb-margin-top-large:0px;--awb-spacing-right-large:0px;--awb-margin-bottom-large:0px;--awb-spacing-left-large:0px;--awb-width-medium:77.24%;--awb-order-medium:0;--awb-spacing-right-medium:0px;--awb-spacing-left-medium:0px;--awb-width-small:100%;--awb-order-small:0;--awb-spacing-right-small:0px;--awb-spacing-left-small:0px;\" data-animationType=\"fadeInUp\" data-animationDuration=\"1.3\" data-animationDelay=\"1.0\" data-animationOffset=\"top-into-view\"><div class=\"fusion-column-wrapper fusion-column-has-shadow fusion-flex-justify-content-flex-start fusion-content-layout-column\"><div class=\"fusion-title title fusion-title-1 fusion-sep-none fusion-title-center fusion-title-text fusion-title-size-one\" style=\"--awb-text-color:var(--awb-color1);--awb-margin-top:0px;--awb-margin-bottom:0px;\"><h1 class=\"fusion-title-heading title-heading-center\" style=\"margin:0;\">Auch das muss sein.<\/h1><\/div><div class=\"fusion-title title fusion-title-2 fusion-sep-none fusion-title-center fusion-title-text fusion-title-size-one\" style=\"--awb-text-color:var(--awb-color4);--awb-margin-bottom:60px;--awb-margin-bottom-small:30px;--awb-font-size:32px;\"><h1 class=\"fusion-title-heading title-heading-center\" style=\"font-family:var(--awb-custom_typography_1-font-family);font-weight:var(--awb-custom_typography_1-font-weight);font-style:var(--awb-custom_typography_1-font-style);margin:0;letter-spacing:var(--awb-custom_typography_1-letter-spacing);text-transform:var(--awb-custom_typography_1-text-transform);font-size:1em;line-height:var(--awb-custom_typography_1-line-height);\">Die AGB\u00b4s &#8211; ohne geht es leider nicht:<\/h1><\/div><\/div><\/div><\/div><\/div><div class=\"fusion-fullwidth fullwidth-box fusion-builder-row-2 fusion-flex-container has-pattern-background has-mask-background nonhundred-percent-fullwidth non-hundred-percent-height-scrolling\" style=\"--awb-border-radius-top-left:0px;--awb-border-radius-top-right:0px;--awb-border-radius-bottom-right:0px;--awb-border-radius-bottom-left:0px;--awb-padding-top:120px;--awb-padding-bottom:120px;--awb-padding-top-medium:80px;--awb-padding-bottom-medium:80px;--awb-padding-bottom-small:80px;--awb-background-color:var(--awb-color3);--awb-flex-wrap:wrap;\" ><div class=\"fusion-builder-row fusion-row fusion-flex-align-items-flex-start fusion-flex-justify-content-center fusion-flex-content-wrap\" style=\"max-width:calc( 1200px + 90px );margin-left: calc(-90px \/ 2 );margin-right: calc(-90px \/ 2 );\"><div class=\"fusion-layout-column fusion_builder_column fusion-builder-column-1 fusion_builder_column_1_1 1_1 fusion-flex-column fusion-animated\" style=\"--awb-padding-top:20px;--awb-padding-right:20px;--awb-padding-left:20px;--awb-bg-color:var(--awb-color1);--awb-bg-color-hover:var(--awb-color1);--awb-bg-size:cover;--awb-width-large:100%;--awb-margin-top-large:0px;--awb-spacing-right-large:45px;--awb-margin-bottom-large:0px;--awb-spacing-left-large:45px;--awb-width-medium:100%;--awb-order-medium:0;--awb-spacing-right-medium:45px;--awb-spacing-left-medium:45px;--awb-width-small:100%;--awb-order-small:0;--awb-spacing-right-small:45px;--awb-spacing-left-small:45px;\" data-animationType=\"fadeInUp\" data-animationDuration=\"1.3\" data-animationDelay=\"0.3\" data-animationOffset=\"top-into-view\"><div class=\"fusion-column-wrapper fusion-column-has-shadow fusion-flex-justify-content-flex-start fusion-content-layout-column\"><div class=\"fusion-text fusion-text-1 fusion-text-no-margin\" style=\"--awb-margin-right:10%;--awb-margin-bottom:30px;\"><h2>B.C. Camperservice UG (haftungsbeschr\u00e4nkt) AGB\u00b4s:<\/h2>\n<div>Bedingungen f\u00fcr die Ausf\u00fchrung von Arbeiten an Freizeitmobilen, Wohn-\/ und sonstigen Anh\u00e4ngern sowie deren Teilen und f\u00fcr Kostenvoranschl\u00e4ge. Stand: 01\/2025<\/div>\n<div><\/div>\n<div><strong>I. Auftragserteilung<\/strong><br \/>\n1. Im Auftragsschein oder in einem Best\u00e4tigungsschreiben sind die zu erbringenden Leistungen zu bezeichnen und der voraussichtliche oder verbindliche Fertigstellungstermin anzugeben.<br \/>\n2. Der Auftraggeber erh\u00e4lt eine Durchschrift des Auftragsscheins.<br \/>\n3. Der Auftrag erm\u00e4chtigt den Auftragnehmer, Unterauftr\u00e4ge zu erteilen und Probefahrten sowie \u00dcberf\u00fchrungsfahrten durchzuf\u00fchren.<br \/>\n4. \u00dcbertragungen von Rechten und Pflichten des Auftraggebers aus dem Auftrag bed\u00fcrfen der Zustimmung des Auftragnehmers in Textform. Dies gilt nicht f\u00fcr einen auf Geld gerichteten Anspruch des Auftraggebers gegen den Auftragnehmer. F\u00fcr andere Anspr\u00fcche des Auftraggebers gegen den Auftragnehmer bedarf es der vorherigen Zustimmung des Auftragnehmers dann nicht, wenn beim Auftragnehmer kein sch\u00fctzenswertes Interesse an einem Abtretungsausschluss besteht oder berechtigte Belange des Auftraggebers an einer Abtretbarkeit des Rechtes das sch\u00fctzenswerte Interesse des Auftragnehmers an einem Abtretungsausschluss \u00fcberwiegen.<\/div>\n<div><\/div>\n<div><strong>II. Preisangaben im Auftragsschein; Kostenvoranschlag<\/strong><br \/>\n1. Auf Verlangen des Auftraggebers vermerkt der Auftragnehmer im Auftragsschein auch die Preise, die bei der Durchf\u00fchrung des Auftrags voraussichtlich zum Ansatz kommen. Preisangaben im Auftragsschein k\u00f6nnen auch durch Verweisung auf die in Frage kommenden Positionen der beim Auftragnehmer ausliegenden Preis- und Arbeitswertkataloge erfolgen.<br \/>\n2. W\u00fcnscht der Auftraggeber eine verbindliche Preisangabe, so bedarf es eines schriftlichen Kostenvoranschlages; in diesem sind die Arbeiten und Ersatzteile jeweils im Einzelnen aufzuf\u00fchren und mit dem jeweiligen Preis zu versehen. Der Auftragnehmer ist an diesen Kostenvoranschlag bis zum dort angegebenen Datum gebunden. Die zur Abgabe eines Kostenvoranschlags erbrachten Leistungen k\u00f6nnen dem Auftraggeber berechnet werden, wenn dies im Einzelfall vereinbart ist. Wird aufgrund des Kostenvoranschlages ein Auftrag erteilt, so werden etwaige Kosten f\u00fcr den Kostenvoranschlag mit der Auftragsrechnung<br \/>\nverrechnet und der Gesamtpreis darf bei der Berechnung des Auftrags nur mit Zustimmung des Auftraggebers \u00fcberschritten werden.<br \/>\n3. Wenn im Auftragsschein Preisangaben enthalten sind, muss ebenso wie beim Kostenvoranschlag die Umsatzsteuer angegeben werden.<\/div>\n<div><\/div>\n<div><strong>III. Fertigstellung<\/strong><br \/>\n1. Der Auftragnehmer ist verpflichtet, einen schriftlich als verbindlich bezeichneten Fertigstellungstermin einzuhalten. \u00c4ndert oder erweitert sich der Arbeitsumfang gegen\u00fcber dem urspr\u00fcnglichen Auftrag, und tritt dadurch eine Verz\u00f6gerung ein, dann hat der Auftragnehmer unverz\u00fcglich unter Angabe der Gr\u00fcnde einen neuen Fertigstellungstermin zu nennen.<br \/>\n2. Wenn der Auftragnehmer den Fertigstellungstermin infolge h\u00f6herer Gewalt oder Betriebsst\u00f6rungen ohne eigenes Verschulden nicht einhalten kann, besteht auf Grund hierdurch bedingter Verz\u00f6gerungen keine Verpflichtung zum Schadensersatz, insbesondere auch nicht zur Stellung eines Ersatzfahrzeuges oder zur Erstattung von Kosten f\u00fcr die tats\u00e4chliche Inanspruchnahme eines Mietfahrzeuges. Der Auftragnehmer ist jedoch verpflichtet, den Auftraggeber \u00fcber die Verz\u00f6gerungen zu unterrichten, soweit dies m\u00f6glich und zumutbar ist.<\/div>\n<div><strong>IV. Abnahme<\/strong><br \/>\n1. Die Abnahme des Auftragsgegenstandes durch den Auftraggeber erfolgt im Betrieb des Auftragnehmers, soweit nichts anderes vereinbart ist.<br \/>\n2. Der Auftraggeber ist verpflichtet, den Auftragsgegenstand innerhalb von 1 Woche ab Zugang der Fertigstellungsanzeige und Aush\u00e4ndigung oder \u00dcbersendung der Rechnung abzuholen. Im Falle der Nichtabnahme kann der Auftragnehmer von seinen gesetzlichen Rechten Gebrauch machen. Bei Reparaturarbeiten, die innerhalb eines Arbeitstages ausgef\u00fchrt werden, verk\u00fcrzt sich die Frist auf 2 Arbeitstage.<br \/>\n3. Bei Abnahmeverzug kann der Auftragnehmer die orts\u00fcbliche Aufbewahrungsgeb\u00fchr berechnen. Der Auftragsgegenstand kann nach Ermessen des Auftragnehmers auch anderweitig aufbewahrt werden. Kosten und Gefahren der Aufbewahrung gehen zu Lasten des Auftraggebers.<\/div>\n<div><strong>V. Berechnung des Auftrages<\/strong><br \/>\n1. In der Rechnung sind Preise oder Preisfaktoren f\u00fcr jede technisch in sich abgeschlossene Arbeitsleistung sowie f\u00fcr verwendete Ersatzteile und Materialien jeweils gesondert auszuweisen.<br \/>\nW\u00fcnscht der Auftraggeber Abholung oder Zustellung des Auftragsgegenstandes, erfolgen diese auf seine Rechnung und Gefahr. Die Haftung bei Verschulden bleibt unber\u00fchrt.<br \/>\n2. Wird der Auftrag aufgrund eines verbindlichen Kostenvoranschlages ausgef\u00fchrt, so gen\u00fcgt eine Bezugnahme auf den Kostenvoranschlag, wobei lediglich zus\u00e4tzliche Arbeiten besonders aufzuf\u00fchren sind.<br \/>\n3. Die Berechnung des Tauschpreises im Tauschverfahren setzt voraus, dass das ausgebaute Aggregat oder Teil dem Lieferumfang des Ersatzaggregats oder -teils entspricht und dass es keinen Schaden aufweist, der die Wiederaufbereitung unm\u00f6glich macht.<br \/>\n4. Die Umsatzsteuer geht zu Lasten des Auftraggebers.<br \/>\n5. Eine etwaige Berichtigung der Rechnung muss seitens des Auftragnehmers, ebenso wie eine Beanstandung seitens des Auftraggebers, sp\u00e4testens 6 Wochen nach Zugang der Rechnung erfolgen.<\/div>\n<div><strong>Vl. Zahlung<\/strong><br \/>\n1. Der Rechnungsbetrag und Preise f\u00fcr Nebenleistungen sind bei Abnahme des Auftragsgegenstandes und Aush\u00e4ndigung oder \u00dcbersendung der Rechnung zur Zahlung sofort in bar oder Echtzeit\u00fcberweisung f\u00e4llig.<br \/>\n2. Gegen Anspr\u00fcche des Auftragnehmers kann der Auftraggeber nur dann aufrechnen, wenn die Gegenforderung des Auftraggebers unbestritten ist oder ein rechtskr\u00e4ftiger Titel vorliegt. Hiervon ausgenommen sind Gegenforderungen des Auftraggebers aus demselben Auftrag. Ein Zur\u00fcckbehaltungsrecht kann er nur geltend machen, soweit es auf Anspr\u00fcchen aus demselben Vertragsverh\u00e4ltnis beruht. Der Auftragnehmer ist berechtigt, bei Auftragserteilung eine angemessene Vorauszahlung zu verlangen.<\/div>\n<div><strong>Vll. Erweitertes Pfandrecht<\/strong><br \/>\nDem Auftragnehmer steht wegen seiner Forderung aus dem Auftrag ein vertragliches Pfandrecht an den aufgrund des Auftrages in seinen Besitz gelangten Gegenst\u00e4nden zu. Das vertragliche Pfandrecht kann auch wegen Forderungen aus fr\u00fcher durchgef\u00fchrten Arbeiten, Ersatzteillieferungen und sonstigen Leistungen geltend gemacht werden, soweit sie mit dem Auftragsgegenstand in Zusammenhang stehen. F\u00fcr sonstige Anspr\u00fcche aus der Gesch\u00e4ftsverbindung gilt das vertragliche Pfandrecht nur, soweit diese unbestritten sind oder ein rechtskr\u00e4ftiger Titel vorliegt und der Auftragsgegenstand dem Auftraggeber geh\u00f6rt.<\/div>\n<div><strong>Vlll. Haftung f\u00fcr Sachm\u00e4ngel<\/strong><br \/>\n1. Anspr\u00fcche des Auftraggebers wegen Sachm\u00e4ngeln verj\u00e4hren in einem Jahr ab Abnahme des Auftragsgegenstandes. Nimmt der Auftraggeber den Auftragsgegenstand trotz Kenntnis eines Mangels ab, stehen ihm Sachm\u00e4ngelanspr\u00fcche nur zu, wenn er sich diese bei Abnahme vorbeh\u00e4lt.<br \/>\n2. Ist Gegenstand des Auftrags die Lieferung herzustellender oder zu erzeugender beweglicher Sachen und ist der Auftraggeber eine juristische Person des \u00f6ffentlichen Rechts, ein \u00f6ffentlichrechtliches Sonderverm\u00f6gen oder ein Unternehmer, der bei Abschluss des Vertrages in Aus\u00fcbung seiner gewerblichen oder selbst\u00e4ndigen beruflichen T\u00e4tigkeit handelt, verj\u00e4hren Anspr\u00fcche des Auftraggebers wegen Sachm\u00e4ngeln in einem Jahr ab Ablieferung. F\u00fcr andere Auftraggeber (Verbraucher) gelten in diesem Fall die gesetzlichen Bestimmungen.<br \/>\n3. Die Verj\u00e4hrungsverk\u00fcrzungen in Ziffer 1, Satz 1 und Ziffer 2, Satz 1 gelten nicht f\u00fcr Sch\u00e4den, die auf einer grob fahrl\u00e4ssigen oder vors\u00e4tzlichen Verletzung von Pflichten des Auftragnehmers, seines gesetzlichen Vertreters oder seines Erf\u00fcllungsgehilfen beruhen sowie bei Verletzung von Leben, K\u00f6rper oder Gesundheit.<br \/>\n4. Hat der Auftragnehmer nach den gesetzlichen Bestimmungen f\u00fcr einen Schaden aufzukommen, der leicht fahrl\u00e4ssig verursacht wurde, so haftet der Auftragnehmer beschr\u00e4nkt:<br \/>\nDie Haftung besteht nur bei Verletzung vertragswesentlicher Pflichten, etwa solcher, die der Auftrag dem Auftragnehmer nach seinem Inhalt und Zweck gerade auferlegen will oder deren Erf\u00fcllung die ordnungsgem\u00e4\u00dfe Durchf\u00fchrung des Auftrags \u00fcberhaupt erst erm\u00f6glicht und auf deren Einhaltung der Auftraggeber regelm\u00e4\u00dfig vertraut und vertrauen darf. Diese Haftung ist auf den bei Vertragsabschluss vorhersehbaren typischen Schaden begrenzt. Ausgeschlossen ist die pers\u00f6nliche Haftung der gesetzlichen Vertreter, Erf\u00fcllungsgehilfen und Betriebsangeh\u00f6rigen des Auftragnehmers f\u00fcr von ihnen durch leichte Fahrl\u00e4ssigkeit verursachte Sch\u00e4den. F\u00fcr die vorgenannte Haftungsbeschr\u00e4nkung und den vorgenannten Haftungsausschluss gilt Ziffer 3 dieses Abschnitts entsprechend.<br \/>\n5. Unabh\u00e4ngig von einem Verschulden des Auftragnehmers bleibt eine etwaige Haftung des Auftragnehmers bei arglistigem Verschweigen des Mangels, aus der \u00dcbernahme einer Garantie oder eines Beschaffungsrisikos und nach dem Produkthaftungsgesetz unber\u00fchrt.<br \/>\n6. Soll eine M\u00e4ngelbeseitigung durchgef\u00fchrt werden, gilt folgendes:<br \/>\na) Anspr\u00fcche wegen Sachm\u00e4ngeln hat der Auftraggeber beim Auftragnehmer geltend zu machen; bei m\u00fcndlichen Anzeigen h\u00e4ndigt der Auftragnehmer dem Auftraggeber eine Best\u00e4tigung \u00fcber den Eingang der Anzeige in Textform aus.<br \/>\nb) Wird der Auftragsgegenstand wegen eines Sachmangels betriebsunf\u00e4hig, kann sich der Auftraggeber mit vorheriger Zustimmung des Auftragnehmers an einen anderen Fachbetrieb wenden. In diesem Fall hat der Auftraggeber in den Auftragsschein aufnehmen zu lassen, dass es sich um die Durchf\u00fchrung einer M\u00e4ngelbeseitigung des Auftragnehmers handelt und dass diesem ausgebaute Teile w\u00e4hrend einer angemessenen Frist zur Verf\u00fcgung zu halten sind. Der Auftragnehmer ist zur Erstattung der dem Auftraggeber nachweislich entstandenen Reparaturkosten verpflichtet.<br \/>\nc) Im Falle der Nachbesserung kann der Auftraggeber f\u00fcr die zur M\u00e4ngelbeseitigung eingebauten Teile bis zum Ablauf der Verj\u00e4hrungsfrist des Auftraggegenstandes Sachm\u00e4ngelanspr\u00fcche aufgrund des Auftrags geltend machen. Ersetzte Teile werden Eigentum des Auftragnehmers.<\/div>\n<div>\n<p><strong>IX. Haftung f\u00fcr sonstige Sch\u00e4den<\/strong><br \/>\n1. Die Haftung f\u00fcr den Verlust von Geld und Wertsachen jeglicher Art, die nicht ausdr\u00fccklich in Verwahrung genommen sind, ist ausgeschlossen.<br \/>\n2. Sonstige Anspr\u00fcche des Auftraggebers, die nicht in Abschnitt VIII. Haftung f\u00fcr Sachm\u00e4ngel geregelt sind, verj\u00e4hren in der regelm\u00e4\u00dfigen Verj\u00e4hrungsfrist.<br \/>\n3. F\u00fcr Schadensersatzanspr\u00fcche gegen den Auftragnehmer gelten die Regelungen in Abschnitt VIII. Haftung f\u00fcr Sachm\u00e4ngel , Ziffer 4 und 5 entsprechend.<br \/>\n4. Der Auftragnehmer haftet nicht f\u00fcr Sch\u00e4den, die durch h\u00f6here Gewalt wie z.B. Hagel, Sturm oder Tiere verursacht wurden.<\/p>\n<p><strong>X. Eigentumsvorbehalt<\/strong><br \/>\nSoweit eingebaute Zubeh\u00f6r-, Ersatzteile und Aggregate nicht wesentliche Bestandteile des Auftragsgegenstandes geworden sind, beh\u00e4lt sich der Auftragnehmer das Eigentum daran bis zur vollst\u00e4ndigen unanfechtbaren Bezahlung vor.<\/p>\n<p><strong>Xl. Gerichtsstand<\/strong><br \/>\nF\u00fcr s\u00e4mtliche gegenw\u00e4rtigen und zuk\u00fcnftigen Anspr\u00fcche aus der Gesch\u00e4ftsverbindung mit Kaufleuten einschlie\u00dflich Wechsel- und Scheckforderungen ist ausschlie\u00dflicher Gerichtsstand der Sitz des Auftragnehmers. Der gleiche Gerichtsstand gilt, wenn der Auftraggeber keinen allgemeinen Gerichtsstand im Inland hat, nach Vertragsabschluss seinen Wohnsitz oder gew\u00f6hnlichen Aufenthaltsort aus dem Inland verlegt oder sein Wohnsitz oder gew\u00f6hnlicher Aufenthaltsort zum Zeitpunkt der Klageerhebung nicht bekannt ist.<\/p>\n<p><strong>XII. Hinweis gem\u00e4\u00df \u00a7 36 Verbraucherstreitbeilegungsgesetz (VSBG)<\/strong><br \/>\nDer Auftragnehmer wird nicht an einem Streitbeilegungsverfahren vor einer Verbraucherschlichtungsstelle im Sinne des VSBG teilnehmen und ist hierzu auch nicht verpflichtet.<\/p>\n<\/div>\n<\/div><\/div><\/div><\/div><\/div><\/p>\n","protected":false},"excerpt":{"rendered":"","protected":false},"author":4,"featured_media":0,"parent":0,"menu_order":0,"comment_status":"closed","ping_status":"closed","template":"100-width.php","meta":{"_acf_changed":false,"footnotes":""},"class_list":["post-5887","page","type-page","status-publish","hentry"],"acf":[],"yoast_head":"<!-- This site is optimized with the Yoast SEO plugin v27.3 - https:\/\/yoast.com\/product\/yoast-seo-wordpress\/ -->\n<title>Werkstatt AGB\u00b4s - Bavarian Camper - Life is a camper!<\/title>\n<meta name=\"robots\" content=\"noindex, nofollow\" \/>\n<meta property=\"og:locale\" content=\"en_US\" \/>\n<meta property=\"og:type\" content=\"article\" \/>\n<meta property=\"og:title\" content=\"Werkstatt AGB\u00b4s - Bavarian Camper - Life is a camper!\" \/>\n<meta property=\"og:url\" content=\"https:\/\/bavarian-camper.de\/werkstatt-agb\/\" \/>\n<meta property=\"og:site_name\" content=\"Bavarian Camper - Life is a camper!\" \/>\n<meta property=\"article:modified_time\" content=\"2025-11-24T15:04:05+00:00\" \/>\n<meta name=\"twitter:card\" content=\"summary_large_image\" \/>\n<meta name=\"twitter:label1\" content=\"Est. reading time\" \/>\n\t<meta name=\"twitter:data1\" content=\"9 minutes\" \/>\n<script type=\"application\/ld+json\" class=\"yoast-schema-graph\">{\"@context\":\"https:\\\/\\\/schema.org\",\"@graph\":[{\"@type\":\"WebPage\",\"@id\":\"https:\\\/\\\/bavarian-camper.de\\\/werkstatt-agb\\\/\",\"url\":\"https:\\\/\\\/bavarian-camper.de\\\/werkstatt-agb\\\/\",\"name\":\"Werkstatt AGB\u00b4s - Bavarian Camper - Life is a camper!\",\"isPartOf\":{\"@id\":\"https:\\\/\\\/bavarian-camper.de\\\/#website\"},\"datePublished\":\"2025-03-03T08:30:42+00:00\",\"dateModified\":\"2025-11-24T15:04:05+00:00\",\"breadcrumb\":{\"@id\":\"https:\\\/\\\/bavarian-camper.de\\\/werkstatt-agb\\\/#breadcrumb\"},\"inLanguage\":\"en-US\",\"potentialAction\":[{\"@type\":\"ReadAction\",\"target\":[\"https:\\\/\\\/bavarian-camper.de\\\/werkstatt-agb\\\/\"]}]},{\"@type\":\"BreadcrumbList\",\"@id\":\"https:\\\/\\\/bavarian-camper.de\\\/werkstatt-agb\\\/#breadcrumb\",\"itemListElement\":[{\"@type\":\"ListItem\",\"position\":1,\"name\":\"Startseite\",\"item\":\"https:\\\/\\\/bavarian-camper.de\\\/\"},{\"@type\":\"ListItem\",\"position\":2,\"name\":\"Werkstatt AGB\u00b4s\"}]},{\"@type\":\"WebSite\",\"@id\":\"https:\\\/\\\/bavarian-camper.de\\\/#website\",\"url\":\"https:\\\/\\\/bavarian-camper.de\\\/\",\"name\":\"Bavarian Camper - Life is a camper!\",\"description\":\"Genie\u00dfe die Freiheit!\",\"publisher\":{\"@id\":\"https:\\\/\\\/bavarian-camper.de\\\/#organization\"},\"potentialAction\":[{\"@type\":\"SearchAction\",\"target\":{\"@type\":\"EntryPoint\",\"urlTemplate\":\"https:\\\/\\\/bavarian-camper.de\\\/?s={search_term_string}\"},\"query-input\":{\"@type\":\"PropertyValueSpecification\",\"valueRequired\":true,\"valueName\":\"search_term_string\"}}],\"inLanguage\":\"en-US\"},{\"@type\":\"Organization\",\"@id\":\"https:\\\/\\\/bavarian-camper.de\\\/#organization\",\"name\":\"Bavarian Camper GbR\",\"url\":\"https:\\\/\\\/bavarian-camper.de\\\/\",\"logo\":{\"@type\":\"ImageObject\",\"inLanguage\":\"en-US\",\"@id\":\"https:\\\/\\\/bavarian-camper.de\\\/#\\\/schema\\\/logo\\\/image\\\/\",\"url\":\"https:\\\/\\\/bavarian-camper.de\\\/wp-content\\\/uploads\\\/2023\\\/04\\\/BavCamp-Logo-o-URL.png\",\"contentUrl\":\"https:\\\/\\\/bavarian-camper.de\\\/wp-content\\\/uploads\\\/2023\\\/04\\\/BavCamp-Logo-o-URL.png\",\"width\":842,\"height\":595,\"caption\":\"Bavarian Camper GbR\"},\"image\":{\"@id\":\"https:\\\/\\\/bavarian-camper.de\\\/#\\\/schema\\\/logo\\\/image\\\/\"}}]}<\/script>\n<!-- \/ Yoast SEO plugin. -->","yoast_head_json":{"title":"Werkstatt AGB\u00b4s - Bavarian Camper - Life is a camper!","robots":{"index":"noindex","follow":"nofollow"},"og_locale":"en_US","og_type":"article","og_title":"Werkstatt AGB\u00b4s - Bavarian Camper - Life is a camper!","og_url":"https:\/\/bavarian-camper.de\/werkstatt-agb\/","og_site_name":"Bavarian Camper - Life is a camper!","article_modified_time":"2025-11-24T15:04:05+00:00","twitter_card":"summary_large_image","twitter_misc":{"Est. reading time":"9 minutes"},"schema":{"@context":"https:\/\/schema.org","@graph":[{"@type":"WebPage","@id":"https:\/\/bavarian-camper.de\/werkstatt-agb\/","url":"https:\/\/bavarian-camper.de\/werkstatt-agb\/","name":"Werkstatt AGB\u00b4s - Bavarian Camper - Life is a camper!","isPartOf":{"@id":"https:\/\/bavarian-camper.de\/#website"},"datePublished":"2025-03-03T08:30:42+00:00","dateModified":"2025-11-24T15:04:05+00:00","breadcrumb":{"@id":"https:\/\/bavarian-camper.de\/werkstatt-agb\/#breadcrumb"},"inLanguage":"en-US","potentialAction":[{"@type":"ReadAction","target":["https:\/\/bavarian-camper.de\/werkstatt-agb\/"]}]},{"@type":"BreadcrumbList","@id":"https:\/\/bavarian-camper.de\/werkstatt-agb\/#breadcrumb","itemListElement":[{"@type":"ListItem","position":1,"name":"Startseite","item":"https:\/\/bavarian-camper.de\/"},{"@type":"ListItem","position":2,"name":"Werkstatt AGB\u00b4s"}]},{"@type":"WebSite","@id":"https:\/\/bavarian-camper.de\/#website","url":"https:\/\/bavarian-camper.de\/","name":"Bavarian Camper - Life is a camper!","description":"Genie\u00dfe die Freiheit!","publisher":{"@id":"https:\/\/bavarian-camper.de\/#organization"},"potentialAction":[{"@type":"SearchAction","target":{"@type":"EntryPoint","urlTemplate":"https:\/\/bavarian-camper.de\/?s={search_term_string}"},"query-input":{"@type":"PropertyValueSpecification","valueRequired":true,"valueName":"search_term_string"}}],"inLanguage":"en-US"},{"@type":"Organization","@id":"https:\/\/bavarian-camper.de\/#organization","name":"Bavarian Camper GbR","url":"https:\/\/bavarian-camper.de\/","logo":{"@type":"ImageObject","inLanguage":"en-US","@id":"https:\/\/bavarian-camper.de\/#\/schema\/logo\/image\/","url":"https:\/\/bavarian-camper.de\/wp-content\/uploads\/2023\/04\/BavCamp-Logo-o-URL.png","contentUrl":"https:\/\/bavarian-camper.de\/wp-content\/uploads\/2023\/04\/BavCamp-Logo-o-URL.png","width":842,"height":595,"caption":"Bavarian Camper GbR"},"image":{"@id":"https:\/\/bavarian-camper.de\/#\/schema\/logo\/image\/"}}]}},"_links":{"self":[{"href":"https:\/\/bavarian-camper.de\/en\/wp-json\/wp\/v2\/pages\/5887","targetHints":{"allow":["GET"]}}],"collection":[{"href":"https:\/\/bavarian-camper.de\/en\/wp-json\/wp\/v2\/pages"}],"about":[{"href":"https:\/\/bavarian-camper.de\/en\/wp-json\/wp\/v2\/types\/page"}],"author":[{"embeddable":true,"href":"https:\/\/bavarian-camper.de\/en\/wp-json\/wp\/v2\/users\/4"}],"replies":[{"embeddable":true,"href":"https:\/\/bavarian-camper.de\/en\/wp-json\/wp\/v2\/comments?post=5887"}],"version-history":[{"count":17,"href":"https:\/\/bavarian-camper.de\/en\/wp-json\/wp\/v2\/pages\/5887\/revisions"}],"predecessor-version":[{"id":6208,"href":"https:\/\/bavarian-camper.de\/en\/wp-json\/wp\/v2\/pages\/5887\/revisions\/6208"}],"wp:attachment":[{"href":"https:\/\/bavarian-camper.de\/en\/wp-json\/wp\/v2\/media?parent=5887"}],"curies":[{"name":"wp","href":"https:\/\/api.w.org\/{rel}","templated":true}]}}